{"id":5113,"date":"2023-02-24T19:02:55","date_gmt":"2023-02-24T22:02:55","guid":{"rendered":"https:\/\/maniafoods.com.br\/produto\/sanduiche-peito-de-peru-e-tomate-seco\/"},"modified":"2025-02-05T20:50:03","modified_gmt":"2025-02-05T23:50:03","slug":"turkey-breast-with-dried-tomato-sandwich","status":"publish","type":"product","link":"https:\/\/maniafoods.com.br\/en\/produto\/turkey-breast-with-dried-tomato-sandwich\/","title":{"rendered":"Turkey Breast with Dried Tomato Sandwich"},"content":{"rendered":"<p>Sandwich prepared with multigrain bread, turkey breast filling with Emmental cheese, creamy p\u00e2t\u00e9 made with mayonnaise, milk cream, dried tomatoes and textured soy protein, packed in modified packed in modified\u00a0atmosphere packaging.<\/p>\n","protected":false},"excerpt":{"rendered":"<p>Sandwich prepared with multigrain bread, turkey breast filling with Emmental cheese, creamy p\u00e2t\u00e9 made with mayonnaise, milk cream, dried tomatoes and textured soy protein, packed in modified packed in modified\u00a0atmosphere packaging.<\/p>\n","protected":false},"featured_media":6439,"comment_status":"closed","ping_status":"closed","template":"","meta":{"site-sidebar-layout":"default","site-content-layout":"","ast-site-content-layout":"default","site-content-style":"default","site-sidebar-style":"default","ast-global-header-display":"","ast-banner-title-visibility":"","ast-main-header-display":"","ast-hfb-above-header-display":"","ast-hfb-below-header-display":"","ast-hfb-mobile-header-display":"","site-post-title":"","ast-breadcrumbs-content":"","ast-featured-img":"","footer-sml-layout":"","ast-disable-related-posts":"","theme-transparent-header-meta":"","adv-header-id-meta":"","stick-header-meta":"","header-above-stick-meta":"","header-main-stick-meta":"","header-below-stick-meta":"","astra-migrate-meta-layouts":"default","ast-page-background-enabled":"default","ast-page-background-meta":{"desktop":{"background-color":"var(--ast-global-color-4)","background-image":"","background-repeat":"repeat","background-position":"center center","background-size":"auto","background-attachment":"scroll","background-type":"","background-media":"","overlay-type":"","overlay-color":"","overlay-opacity":"","overlay-gradient":""},"tablet":{"background-color":"","background-image":"","background-repeat":"repeat","background-position":"center center","background-size":"auto","background-attachment":"scroll","background-type":"","background-media":"","overlay-type":"","overlay-color":"","overlay-opacity":"","overlay-gradient":""},"mobile":{"background-color":"","background-image":"","background-repeat":"repeat","background-position":"center center","background-size":"auto","background-attachment":"scroll","background-type":"","background-media":"","overlay-type":"","overlay-color":"","overlay-opacity":"","overlay-gradient":""}},"ast-content-background-meta":{"desktop":{"background-color":"var(--ast-global-color-5)","background-image":"","background-repeat":"repeat","background-position":"center center","background-size":"auto","background-attachment":"scroll","background-type":"","background-media":"","overlay-type":"","overlay-color":"","overlay-opacity":"","overlay-gradient":""},"tablet":{"background-color":"var(--ast-global-color-5)","background-image":"","background-repeat":"repeat","background-position":"center center","background-size":"auto","background-attachment":"scroll","background-type":"","background-media":"","overlay-type":"","overlay-color":"","overlay-opacity":"","overlay-gradient":""},"mobile":{"background-color":"var(--ast-global-color-5)","background-image":"","background-repeat":"repeat","background-position":"center center","background-size":"auto","background-attachment":"scroll","background-type":"","background-media":"","overlay-type":"","overlay-color":"","overlay-opacity":"","overlay-gradient":""}}},"product_brand":[],"product_cat":[52,57],"product_tag":[],"class_list":{"0":"post-5113","1":"product","2":"type-product","3":"status-publish","4":"has-post-thumbnail","6":"product_cat-natural-sandwiches-en","7":"product_cat-sandwiches-en","8":"desktop-align-left","9":"tablet-align-left","10":"mobile-align-left","12":"first","13":"instock","14":"shipping-taxable","15":"product-type-simple"},"yoast_head":"<!-- This site is optimized with the Yoast SEO plugin v25.0 - https:\/\/yoast.com\/wordpress\/plugins\/seo\/ -->\n<title>Turkey Breast with Dried Tomato Sandwich &#8211; Mania Foods<\/title>\n<meta name=\"robots\" content=\"index, follow, max-snippet:-1, max-image-preview:large, max-video-preview:-1\" \/>\n<link rel=\"canonical\" href=\"https:\/\/maniafoods.com.br\/en\/produto\/turkey-breast-with-dried-tomato-sandwich\/\" \/>\n<meta property=\"og:locale\" content=\"en_US\" \/>\n<meta property=\"og:type\" content=\"article\" \/>\n<meta property=\"og:title\" content=\"Turkey Breast with Dried Tomato Sandwich &#8211; Mania Foods\" \/>\n<meta property=\"og:description\" content=\"Sandwich prepared with multigrain bread, turkey breast filling with Emmental cheese, creamy p\u00e2t\u00e9 made with mayonnaise, milk cream, dried tomatoes and textured soy protein, packed in modified packed in modified\u00a0atmosphere packaging.\" \/>\n<meta property=\"og:url\" content=\"https:\/\/maniafoods.com.br\/en\/produto\/turkey-breast-with-dried-tomato-sandwich\/\" \/>\n<meta property=\"og:site_name\" content=\"Mania Foods\" \/>\n<meta property=\"article:modified_time\" content=\"2025-02-05T23:50:03+00:00\" \/>\n<meta property=\"og:image\" content=\"https:\/\/maniafoods.com.br\/wp-content\/uploads\/2025\/02\/PEITO-DE-PERU-E-TOMATE-SECO.webp\" \/>\n\t<meta property=\"og:image:width\" content=\"600\" \/>\n\t<meta property=\"og:image:height\" content=\"600\" \/>\n\t<meta property=\"og:image:type\" content=\"image\/webp\" \/>\n<meta name=\"twitter:card\" content=\"summary_large_image\" \/>\n<script type=\"application\/ld+json\" class=\"yoast-schema-graph\">{\"@context\":\"https:\/\/schema.org\",\"@graph\":[{\"@type\":\"WebPage\",\"@id\":\"https:\/\/maniafoods.com.br\/en\/produto\/turkey-breast-with-dried-tomato-sandwich\/\",\"url\":\"https:\/\/maniafoods.com.br\/en\/produto\/turkey-breast-with-dried-tomato-sandwich\/\",\"name\":\"Turkey Breast with Dried Tomato Sandwich &#8211; Mania Foods\",\"isPartOf\":{\"@id\":\"https:\/\/maniafoods.com.br\/#website\"},\"primaryImageOfPage\":{\"@id\":\"https:\/\/maniafoods.com.br\/en\/produto\/turkey-breast-with-dried-tomato-sandwich\/#primaryimage\"},\"image\":{\"@id\":\"https:\/\/maniafoods.com.br\/en\/produto\/turkey-breast-with-dried-tomato-sandwich\/#primaryimage\"},\"thumbnailUrl\":\"https:\/\/maniafoods.com.br\/wp-content\/uploads\/2025\/02\/PEITO-DE-PERU-E-TOMATE-SECO.webp\",\"datePublished\":\"2023-02-24T22:02:55+00:00\",\"dateModified\":\"2025-02-05T23:50:03+00:00\",\"breadcrumb\":{\"@id\":\"https:\/\/maniafoods.com.br\/en\/produto\/turkey-breast-with-dried-tomato-sandwich\/#breadcrumb\"},\"inLanguage\":\"en-US\",\"potentialAction\":[{\"@type\":\"ReadAction\",\"target\":[\"https:\/\/maniafoods.com.br\/en\/produto\/turkey-breast-with-dried-tomato-sandwich\/\"]}]},{\"@type\":\"ImageObject\",\"inLanguage\":\"en-US\",\"@id\":\"https:\/\/maniafoods.com.br\/en\/produto\/turkey-breast-with-dried-tomato-sandwich\/#primaryimage\",\"url\":\"https:\/\/maniafoods.com.br\/wp-content\/uploads\/2025\/02\/PEITO-DE-PERU-E-TOMATE-SECO.webp\",\"contentUrl\":\"https:\/\/maniafoods.com.br\/wp-content\/uploads\/2025\/02\/PEITO-DE-PERU-E-TOMATE-SECO.webp\",\"width\":600,\"height\":600},{\"@type\":\"BreadcrumbList\",\"@id\":\"https:\/\/maniafoods.com.br\/en\/produto\/turkey-breast-with-dried-tomato-sandwich\/#breadcrumb\",\"itemListElement\":[{\"@type\":\"ListItem\",\"position\":1,\"name\":\"In\u00edcio\",\"item\":\"https:\/\/maniafoods.com.br\/\"},{\"@type\":\"ListItem\",\"position\":2,\"name\":\"Produtos\",\"item\":\"https:\/\/maniafoods.com.br\/produtos\/\"},{\"@type\":\"ListItem\",\"position\":3,\"name\":\"Turkey Breast with Dried Tomato Sandwich\"}]},{\"@type\":\"WebSite\",\"@id\":\"https:\/\/maniafoods.com.br\/#website\",\"url\":\"https:\/\/maniafoods.com.br\/\",\"name\":\"Mania Foods\",\"description\":\"Seja em casa, no trabalho, na faculdade ou em uma lanchonete, queremos estar com voc\u00ea e levar boas mem\u00f3rias para sua hist\u00f3ria!!!\",\"publisher\":{\"@id\":\"https:\/\/maniafoods.com.br\/#organization\"},\"alternateName\":\"Mania Foods\",\"potentialAction\":[{\"@type\":\"SearchAction\",\"target\":{\"@type\":\"EntryPoint\",\"urlTemplate\":\"https:\/\/maniafoods.com.br\/?s={search_term_string}\"},\"query-input\":{\"@type\":\"PropertyValueSpecification\",\"valueRequired\":true,\"valueName\":\"search_term_string\"}}],\"inLanguage\":\"en-US\"},{\"@type\":\"Organization\",\"@id\":\"https:\/\/maniafoods.com.br\/#organization\",\"name\":\"Mania Foods\",\"alternateName\":\"Seja em casa, no trabalho, na faculdade ou em uma lanchonete, queremos estar com voc\u00ea e levar boas mem\u00f3rias para sua hist\u00f3ria!!!\",\"url\":\"https:\/\/maniafoods.com.br\/\",\"logo\":{\"@type\":\"ImageObject\",\"inLanguage\":\"en-US\",\"@id\":\"https:\/\/maniafoods.com.br\/#\/schema\/logo\/image\/\",\"url\":\"https:\/\/maniafoods.com.br\/wp-content\/uploads\/2023\/03\/logotipo-mania-foods.png\",\"contentUrl\":\"https:\/\/maniafoods.com.br\/wp-content\/uploads\/2023\/03\/logotipo-mania-foods.png\",\"width\":196,\"height\":196,\"caption\":\"Mania Foods\"},\"image\":{\"@id\":\"https:\/\/maniafoods.com.br\/#\/schema\/logo\/image\/\"},\"sameAs\":[\"https:\/\/www.instagram.com\/maniafoods_oficial\/\"]}]}<\/script>\n<!-- \/ Yoast SEO plugin. -->","yoast_head_json":{"title":"Turkey Breast with Dried Tomato Sandwich &#8211; Mania Foods","robots":{"index":"index","follow":"follow","max-snippet":"max-snippet:-1","max-image-preview":"max-image-preview:large","max-video-preview":"max-video-preview:-1"},"canonical":"https:\/\/maniafoods.com.br\/en\/produto\/turkey-breast-with-dried-tomato-sandwich\/","og_locale":"en_US","og_type":"article","og_title":"Turkey Breast with Dried Tomato Sandwich &#8211; Mania Foods","og_description":"Sandwich prepared with multigrain bread, turkey breast filling with Emmental cheese, creamy p\u00e2t\u00e9 made with mayonnaise, milk cream, dried tomatoes and textured soy protein, packed in modified packed in modified\u00a0atmosphere packaging.","og_url":"https:\/\/maniafoods.com.br\/en\/produto\/turkey-breast-with-dried-tomato-sandwich\/","og_site_name":"Mania Foods","article_modified_time":"2025-02-05T23:50:03+00:00","og_image":[{"width":600,"height":600,"url":"https:\/\/maniafoods.com.br\/wp-content\/uploads\/2025\/02\/PEITO-DE-PERU-E-TOMATE-SECO.webp","type":"image\/webp"}],"twitter_card":"summary_large_image","schema":{"@context":"https:\/\/schema.org","@graph":[{"@type":"WebPage","@id":"https:\/\/maniafoods.com.br\/en\/produto\/turkey-breast-with-dried-tomato-sandwich\/","url":"https:\/\/maniafoods.com.br\/en\/produto\/turkey-breast-with-dried-tomato-sandwich\/","name":"Turkey Breast with Dried Tomato Sandwich &#8211; Mania Foods","isPartOf":{"@id":"https:\/\/maniafoods.com.br\/#website"},"primaryImageOfPage":{"@id":"https:\/\/maniafoods.com.br\/en\/produto\/turkey-breast-with-dried-tomato-sandwich\/#primaryimage"},"image":{"@id":"https:\/\/maniafoods.com.br\/en\/produto\/turkey-breast-with-dried-tomato-sandwich\/#primaryimage"},"thumbnailUrl":"https:\/\/maniafoods.com.br\/wp-content\/uploads\/2025\/02\/PEITO-DE-PERU-E-TOMATE-SECO.webp","datePublished":"2023-02-24T22:02:55+00:00","dateModified":"2025-02-05T23:50:03+00:00","breadcrumb":{"@id":"https:\/\/maniafoods.com.br\/en\/produto\/turkey-breast-with-dried-tomato-sandwich\/#breadcrumb"},"inLanguage":"en-US","potentialAction":[{"@type":"ReadAction","target":["https:\/\/maniafoods.com.br\/en\/produto\/turkey-breast-with-dried-tomato-sandwich\/"]}]},{"@type":"ImageObject","inLanguage":"en-US","@id":"https:\/\/maniafoods.com.br\/en\/produto\/turkey-breast-with-dried-tomato-sandwich\/#primaryimage","url":"https:\/\/maniafoods.com.br\/wp-content\/uploads\/2025\/02\/PEITO-DE-PERU-E-TOMATE-SECO.webp","contentUrl":"https:\/\/maniafoods.com.br\/wp-content\/uploads\/2025\/02\/PEITO-DE-PERU-E-TOMATE-SECO.webp","width":600,"height":600},{"@type":"BreadcrumbList","@id":"https:\/\/maniafoods.com.br\/en\/produto\/turkey-breast-with-dried-tomato-sandwich\/#breadcrumb","itemListElement":[{"@type":"ListItem","position":1,"name":"In\u00edcio","item":"https:\/\/maniafoods.com.br\/"},{"@type":"ListItem","position":2,"name":"Produtos","item":"https:\/\/maniafoods.com.br\/produtos\/"},{"@type":"ListItem","position":3,"name":"Turkey Breast with Dried Tomato Sandwich"}]},{"@type":"WebSite","@id":"https:\/\/maniafoods.com.br\/#website","url":"https:\/\/maniafoods.com.br\/","name":"Mania Foods","description":"Seja em casa, no trabalho, na faculdade ou em uma lanchonete, queremos estar com voc\u00ea e levar boas mem\u00f3rias para sua hist\u00f3ria!!!","publisher":{"@id":"https:\/\/maniafoods.com.br\/#organization"},"alternateName":"Mania Foods","potentialAction":[{"@type":"SearchAction","target":{"@type":"EntryPoint","urlTemplate":"https:\/\/maniafoods.com.br\/?s={search_term_string}"},"query-input":{"@type":"PropertyValueSpecification","valueRequired":true,"valueName":"search_term_string"}}],"inLanguage":"en-US"},{"@type":"Organization","@id":"https:\/\/maniafoods.com.br\/#organization","name":"Mania Foods","alternateName":"Seja em casa, no trabalho, na faculdade ou em uma lanchonete, queremos estar com voc\u00ea e levar boas mem\u00f3rias para sua hist\u00f3ria!!!","url":"https:\/\/maniafoods.com.br\/","logo":{"@type":"ImageObject","inLanguage":"en-US","@id":"https:\/\/maniafoods.com.br\/#\/schema\/logo\/image\/","url":"https:\/\/maniafoods.com.br\/wp-content\/uploads\/2023\/03\/logotipo-mania-foods.png","contentUrl":"https:\/\/maniafoods.com.br\/wp-content\/uploads\/2023\/03\/logotipo-mania-foods.png","width":196,"height":196,"caption":"Mania Foods"},"image":{"@id":"https:\/\/maniafoods.com.br\/#\/schema\/logo\/image\/"},"sameAs":["https:\/\/www.instagram.com\/maniafoods_oficial\/"]}]}},"_links":{"self":[{"href":"https:\/\/maniafoods.com.br\/en\/wp-json\/wp\/v2\/product\/5113","targetHints":{"allow":["GET"]}}],"collection":[{"href":"https:\/\/maniafoods.com.br\/en\/wp-json\/wp\/v2\/product"}],"about":[{"href":"https:\/\/maniafoods.com.br\/en\/wp-json\/wp\/v2\/types\/product"}],"replies":[{"embeddable":true,"href":"https:\/\/maniafoods.com.br\/en\/wp-json\/wp\/v2\/comments?post=5113"}],"wp:featuredmedia":[{"embeddable":true,"href":"https:\/\/maniafoods.com.br\/en\/wp-json\/wp\/v2\/media\/6439"}],"wp:attachment":[{"href":"https:\/\/maniafoods.com.br\/en\/wp-json\/wp\/v2\/media?parent=5113"}],"wp:term":[{"taxonomy":"product_brand","embeddable":true,"href":"https:\/\/maniafoods.com.br\/en\/wp-json\/wp\/v2\/product_brand?post=5113"},{"taxonomy":"product_cat","embeddable":true,"href":"https:\/\/maniafoods.com.br\/en\/wp-json\/wp\/v2\/product_cat?post=5113"},{"taxonomy":"product_tag","embeddable":true,"href":"https:\/\/maniafoods.com.br\/en\/wp-json\/wp\/v2\/product_tag?post=5113"}],"curies":[{"name":"wp","href":"https:\/\/api.w.org\/{rel}","templated":true}]}}