{"id":5025,"date":"2022-11-04T20:27:15","date_gmt":"2022-11-04T23:27:15","guid":{"rendered":"https:\/\/maniafoods.com.br\/trabalhe-conosco\/"},"modified":"2024-10-30T11:27:08","modified_gmt":"2024-10-30T14:27:08","slug":"work-with-us","status":"publish","type":"page","link":"https:\/\/maniafoods.com.br\/en\/work-with-us\/","title":{"rendered":"Work With Us"},"content":{"rendered":"\t\t<div data-elementor-type=\"wp-page\" data-elementor-id=\"5025\" class=\"elementor elementor-5025 elementor-755\" data-elementor-post-type=\"page\">\n\t\t\t\t<div class=\"elementor-element elementor-element-225729b e-flex e-con-boxed e-con e-parent\" data-id=\"225729b\" data-element_type=\"container\">\n\t\t\t\t\t<div class=\"e-con-inner\">\n\t\t<div class=\"elementor-element elementor-element-391bbe1 e-con-full e-flex e-con e-child\" data-id=\"391bbe1\" data-element_type=\"container\">\n\t\t\t\t<div class=\"elementor-element elementor-element-5374469 elementor-widget elementor-widget-image\" data-id=\"5374469\" data-element_type=\"widget\" data-widget_type=\"image.default\">\n\t\t\t\t<div class=\"elementor-widget-container\">\n\t\t\t\t\t\t\t\t\t\t\t\t\t\t\t<img fetchpriority=\"high\" decoding=\"async\" width=\"661\" height=\"667\" src=\"https:\/\/maniafoods.com.br\/wp-content\/uploads\/2024\/10\/cozinheiros.png\" class=\"attachment-large size-large wp-image-6098\" alt=\"\" srcset=\"https:\/\/maniafoods.com.br\/wp-content\/uploads\/2024\/10\/cozinheiros.png 661w, https:\/\/maniafoods.com.br\/wp-content\/uploads\/2024\/10\/cozinheiros-297x300.png 297w, https:\/\/maniafoods.com.br\/wp-content\/uploads\/2024\/10\/cozinheiros-150x150.png 150w, https:\/\/maniafoods.com.br\/wp-content\/uploads\/2024\/10\/cozinheiros-600x605.png 600w, https:\/\/maniafoods.com.br\/wp-content\/uploads\/2024\/10\/cozinheiros-100x100.png 100w\" sizes=\"(max-width: 661px) 100vw, 661px\" \/>\t\t\t\t\t\t\t\t\t\t\t\t\t\t\t<\/div>\n\t\t\t\t<\/div>\n\t\t\t\t<\/div>\n\t\t<div class=\"elementor-element elementor-element-29d5068 e-con-full e-flex e-con e-child\" data-id=\"29d5068\" data-element_type=\"container\" data-settings=\"{&quot;background_background&quot;:&quot;classic&quot;}\">\n\t\t<div class=\"elementor-element elementor-element-d0bf195 e-con-full e-flex e-con e-child\" data-id=\"d0bf195\" data-element_type=\"container\">\n\t\t\t\t<div class=\"elementor-element elementor-element-15dd7bd elementor-vertical-align-top elementor-widget elementor-widget-image-box\" data-id=\"15dd7bd\" data-element_type=\"widget\" data-widget_type=\"image-box.default\">\n\t\t\t\t<div class=\"elementor-widget-container\">\n\t\t\t\t\t<div class=\"elementor-image-box-wrapper\"><div class=\"elementor-image-box-content\"><p class=\"elementor-image-box-description\">Join our team<\/p><\/div><\/div>\t\t\t\t<\/div>\n\t\t\t\t<\/div>\n\t\t\t\t<div class=\"elementor-element elementor-element-6e7f2f9 elementor-button-align-stretch elementor-widget elementor-widget-form\" data-id=\"6e7f2f9\" data-element_type=\"widget\" data-settings=\"{&quot;step_next_label&quot;:&quot;Next&quot;,&quot;step_previous_label&quot;:&quot;Previous&quot;,&quot;button_width&quot;:&quot;100&quot;,&quot;step_type&quot;:&quot;number_text&quot;,&quot;step_icon_shape&quot;:&quot;circle&quot;}\" data-widget_type=\"form.default\">\n\t\t\t\t<div class=\"elementor-widget-container\">\n\t\t\t\t\t\t\t<form class=\"elementor-form\" method=\"post\" name=\"Trabalhe Conosco\">\n\t\t\t<input type=\"hidden\" name=\"post_id\" value=\"5025\"\/>\n\t\t\t<input type=\"hidden\" name=\"form_id\" value=\"6e7f2f9\"\/>\n\t\t\t<input type=\"hidden\" name=\"referer_title\" value=\"Mania Foods\" \/>\n\n\t\t\t\n\t\t\t<div class=\"elementor-form-fields-wrapper elementor-labels-\">\n\t\t\t\t\t\t\t\t<div class=\"elementor-field-type-text elementor-field-group elementor-column elementor-field-group-nome elementor-col-100 elementor-field-required\">\n\t\t\t\t\t\t\t\t\t\t\t\t<label for=\"form-field-nome\" class=\"elementor-field-label elementor-screen-only\">\n\t\t\t\t\t\t\t\tName\t\t\t\t\t\t\t<\/label>\n\t\t\t\t\t\t\t\t\t\t\t\t\t\t<input size=\"1\" type=\"text\" name=\"form_fields[nome]\" id=\"form-field-nome\" class=\"elementor-field elementor-size-sm  elementor-field-textual\" placeholder=\"Name\" required=\"required\">\n\t\t\t\t\t\t\t\t\t\t\t<\/div>\n\t\t\t\t\t\t\t\t<div class=\"elementor-field-type-email elementor-field-group elementor-column elementor-field-group-email elementor-col-100 elementor-field-required\">\n\t\t\t\t\t\t\t\t\t\t\t\t<label for=\"form-field-email\" class=\"elementor-field-label elementor-screen-only\">\n\t\t\t\t\t\t\t\tEmail\t\t\t\t\t\t\t<\/label>\n\t\t\t\t\t\t\t\t\t\t\t\t\t\t<input size=\"1\" type=\"email\" name=\"form_fields[email]\" id=\"form-field-email\" class=\"elementor-field elementor-size-sm  elementor-field-textual\" placeholder=\"Email\" required=\"required\">\n\t\t\t\t\t\t\t\t\t\t\t<\/div>\n\t\t\t\t\t\t\t\t<div class=\"elementor-field-type-text elementor-field-group elementor-column elementor-field-group-field_4c0478b elementor-col-100 elementor-field-required\">\n\t\t\t\t\t\t\t\t\t\t\t\t<label for=\"form-field-field_4c0478b\" class=\"elementor-field-label elementor-screen-only\">\n\t\t\t\t\t\t\t\tTelephone\t\t\t\t\t\t\t<\/label>\n\t\t\t\t\t\t\t\t\t\t\t\t\t\t<input size=\"1\" type=\"text\" name=\"form_fields[field_4c0478b]\" id=\"form-field-field_4c0478b\" class=\"elementor-field elementor-size-sm  elementor-field-textual\" placeholder=\"Telephone\" required=\"required\">\n\t\t\t\t\t\t\t\t\t\t\t<\/div>\n\t\t\t\t\t\t\t\t<div class=\"elementor-field-type-html elementor-field-group elementor-column elementor-field-group-field_66332bd elementor-col-100\">\n\t\t\t\t\tUpload your resume\t\t\t\t<\/div>\n\t\t\t\t\t\t\t\t<div class=\"elementor-field-type-upload elementor-field-group elementor-column elementor-field-group-field_c77cbdb elementor-col-100\">\n\t\t\t\t\t\t\t\t\t\t\t\t<label for=\"form-field-field_c77cbdb\" class=\"elementor-field-label elementor-screen-only\">\n\t\t\t\t\t\t\t\tResume\t\t\t\t\t\t\t<\/label>\n\t\t\t\t\t\t\t\t<input type=\"file\" name=\"form_fields[field_c77cbdb][]\" id=\"form-field-field_c77cbdb\" class=\"elementor-field elementor-size-sm  elementor-upload-field\" multiple=\"multiple\" data-maxsize=\"1\" data-maxsize-message=\"This file exceeds the maximum allowed size.\">\n\n\t\t\t\t\t\t<\/div>\n\t\t\t\t\t\t\t\t<div class=\"elementor-field-type-textarea elementor-field-group elementor-column elementor-field-group-message elementor-col-100 elementor-field-required\">\n\t\t\t\t\t\t\t\t\t\t\t\t<label for=\"form-field-message\" class=\"elementor-field-label elementor-screen-only\">\n\t\t\t\t\t\t\t\tMessage\t\t\t\t\t\t\t<\/label>\n\t\t\t\t\t\t<textarea class=\"elementor-field-textual elementor-field  elementor-size-sm\" name=\"form_fields[message]\" id=\"form-field-message\" rows=\"4\" placeholder=\"Message\" required=\"required\"><\/textarea>\t\t\t\t<\/div>\n\t\t\t\t\t\t\t\t<div class=\"elementor-field-group elementor-column elementor-field-type-submit elementor-col-100 e-form__buttons\">\n\t\t\t\t\t<button class=\"elementor-button elementor-size-sm\" type=\"submit\">\n\t\t\t\t\t\t<span class=\"elementor-button-content-wrapper\">\n\t\t\t\t\t\t\t\t\t\t\t\t\t\t\t\t\t\t\t\t\t\t<span class=\"elementor-button-text\">Send message<\/span>\n\t\t\t\t\t\t\t\t\t\t\t\t\t<\/span>\n\t\t\t\t\t<\/button>\n\t\t\t\t<\/div>\n\t\t\t<\/div>\n\t\t<\/form>\n\t\t\t\t\t\t<\/div>\n\t\t\t\t<\/div>\n\t\t\t\t<\/div>\n\t\t\t\t<\/div>\n\t\t\t\t\t<\/div>\n\t\t\t\t<\/div>\n\t\t\t\t<\/div>\n\t\t","protected":false},"excerpt":{"rendered":"<p>Join our team<\/p>\n","protected":false},"author":1,"featured_media":4913,"parent":0,"menu_order":0,"comment_status":"closed","ping_status":"closed","template":"elementor_theme","meta":{"site-sidebar-layout":"no-sidebar","site-content-layout":"page-builder","ast-site-content-layout":"default","site-content-style":"default","site-sidebar-style":"default","ast-global-header-display":"","ast-banner-title-visibility":"","ast-main-header-display":"","ast-hfb-above-header-display":"","ast-hfb-below-header-display":"","ast-hfb-mobile-header-display":"","site-post-title":"disabled","ast-breadcrumbs-content":"","ast-featured-img":"disabled","footer-sml-layout":"","ast-disable-related-posts":"","theme-transparent-header-meta":"default","adv-header-id-meta":"","stick-header-meta":"","header-above-stick-meta":"","header-main-stick-meta":"","header-below-stick-meta":"","astra-migrate-meta-layouts":"default","ast-page-background-enabled":"default","ast-page-background-meta":{"desktop":{"background-color":"var(--ast-global-color-4)","background-image":"","background-repeat":"repeat","background-position":"center center","background-size":"auto","background-attachment":"scroll","background-type":"","background-media":"","overlay-type":"","overlay-color":"","overlay-opacity":"","overlay-gradient":""},"tablet":{"background-color":"","background-image":"","background-repeat":"repeat","background-position":"center center","background-size":"auto","background-attachment":"scroll","background-type":"","background-media":"","overlay-type":"","overlay-color":"","overlay-opacity":"","overlay-gradient":""},"mobile":{"background-color":"","background-image":"","background-repeat":"repeat","background-position":"center center","background-size":"auto","background-attachment":"scroll","background-type":"","background-media":"","overlay-type":"","overlay-color":"","overlay-opacity":"","overlay-gradient":""}},"ast-content-background-meta":{"desktop":{"background-color":"var(--ast-global-color-5)","background-image":"","background-repeat":"repeat","background-position":"center center","background-size":"auto","background-attachment":"scroll","background-type":"","background-media":"","overlay-type":"","overlay-color":"","overlay-opacity":"","overlay-gradient":""},"tablet":{"background-color":"var(--ast-global-color-5)","background-image":"","background-repeat":"repeat","background-position":"center center","background-size":"auto","background-attachment":"scroll","background-type":"","background-media":"","overlay-type":"","overlay-color":"","overlay-opacity":"","overlay-gradient":""},"mobile":{"background-color":"var(--ast-global-color-5)","background-image":"","background-repeat":"repeat","background-position":"center center","background-size":"auto","background-attachment":"scroll","background-type":"","background-media":"","overlay-type":"","overlay-color":"","overlay-opacity":"","overlay-gradient":""}},"footnotes":""},"class_list":["post-5025","page","type-page","status-publish","has-post-thumbnail","hentry"],"yoast_head":"<!-- This site is optimized with the Yoast SEO plugin v25.0 - https:\/\/yoast.com\/wordpress\/plugins\/seo\/ -->\n<title>Work With Us &#8211; Mania Foods<\/title>\n<meta name=\"robots\" content=\"index, follow, max-snippet:-1, max-image-preview:large, max-video-preview:-1\" \/>\n<link rel=\"canonical\" href=\"https:\/\/maniafoods.com.br\/trabalhe-conosco\/\" \/>\n<meta property=\"og:locale\" content=\"en_US\" \/>\n<meta property=\"og:type\" content=\"article\" \/>\n<meta property=\"og:title\" content=\"Work With Us &#8211; Mania Foods\" \/>\n<meta property=\"og:description\" content=\"Join our team\" \/>\n<meta property=\"og:url\" content=\"https:\/\/maniafoods.com.br\/trabalhe-conosco\/\" \/>\n<meta property=\"og:site_name\" content=\"Mania Foods\" \/>\n<meta property=\"article:modified_time\" content=\"2024-10-30T14:27:08+00:00\" \/>\n<meta property=\"og:image\" content=\"https:\/\/maniafoods.com.br\/wp-content\/uploads\/2023\/03\/Trabalhe-conosco.jpg\" \/>\n\t<meta property=\"og:image:width\" content=\"1280\" \/>\n\t<meta property=\"og:image:height\" content=\"640\" \/>\n\t<meta property=\"og:image:type\" content=\"image\/jpeg\" \/>\n<meta name=\"twitter:card\" content=\"summary_large_image\" \/>\n<script type=\"application\/ld+json\" class=\"yoast-schema-graph\">{\"@context\":\"https:\/\/schema.org\",\"@graph\":[{\"@type\":\"WebPage\",\"@id\":\"https:\/\/maniafoods.com.br\/trabalhe-conosco\/\",\"url\":\"https:\/\/maniafoods.com.br\/trabalhe-conosco\/\",\"name\":\"Work With Us &#8211; Mania Foods\",\"isPartOf\":{\"@id\":\"https:\/\/maniafoods.com.br\/#website\"},\"primaryImageOfPage\":{\"@id\":\"https:\/\/maniafoods.com.br\/trabalhe-conosco\/#primaryimage\"},\"image\":{\"@id\":\"https:\/\/maniafoods.com.br\/trabalhe-conosco\/#primaryimage\"},\"thumbnailUrl\":\"https:\/\/maniafoods.com.br\/wp-content\/uploads\/2023\/03\/Trabalhe-conosco.jpg\",\"datePublished\":\"2022-11-04T23:27:15+00:00\",\"dateModified\":\"2024-10-30T14:27:08+00:00\",\"breadcrumb\":{\"@id\":\"https:\/\/maniafoods.com.br\/trabalhe-conosco\/#breadcrumb\"},\"inLanguage\":\"en-US\",\"potentialAction\":[{\"@type\":\"ReadAction\",\"target\":[\"https:\/\/maniafoods.com.br\/trabalhe-conosco\/\"]}]},{\"@type\":\"ImageObject\",\"inLanguage\":\"en-US\",\"@id\":\"https:\/\/maniafoods.com.br\/trabalhe-conosco\/#primaryimage\",\"url\":\"https:\/\/maniafoods.com.br\/wp-content\/uploads\/2023\/03\/Trabalhe-conosco.jpg\",\"contentUrl\":\"https:\/\/maniafoods.com.br\/wp-content\/uploads\/2023\/03\/Trabalhe-conosco.jpg\",\"width\":1280,\"height\":640},{\"@type\":\"BreadcrumbList\",\"@id\":\"https:\/\/maniafoods.com.br\/trabalhe-conosco\/#breadcrumb\",\"itemListElement\":[{\"@type\":\"ListItem\",\"position\":1,\"name\":\"In\u00edcio\",\"item\":\"https:\/\/maniafoods.com.br\/\"},{\"@type\":\"ListItem\",\"position\":2,\"name\":\"Work With Us\"}]},{\"@type\":\"WebSite\",\"@id\":\"https:\/\/maniafoods.com.br\/#website\",\"url\":\"https:\/\/maniafoods.com.br\/\",\"name\":\"Mania Foods\",\"description\":\"Seja em casa, no trabalho, na faculdade ou em uma lanchonete, queremos estar com voc\u00ea e levar boas mem\u00f3rias para sua hist\u00f3ria!!!\",\"publisher\":{\"@id\":\"https:\/\/maniafoods.com.br\/#organization\"},\"alternateName\":\"Mania Foods\",\"potentialAction\":[{\"@type\":\"SearchAction\",\"target\":{\"@type\":\"EntryPoint\",\"urlTemplate\":\"https:\/\/maniafoods.com.br\/?s={search_term_string}\"},\"query-input\":{\"@type\":\"PropertyValueSpecification\",\"valueRequired\":true,\"valueName\":\"search_term_string\"}}],\"inLanguage\":\"en-US\"},{\"@type\":\"Organization\",\"@id\":\"https:\/\/maniafoods.com.br\/#organization\",\"name\":\"Mania Foods\",\"alternateName\":\"Seja em casa, no trabalho, na faculdade ou em uma lanchonete, queremos estar com voc\u00ea e levar boas mem\u00f3rias para sua hist\u00f3ria!!!\",\"url\":\"https:\/\/maniafoods.com.br\/\",\"logo\":{\"@type\":\"ImageObject\",\"inLanguage\":\"en-US\",\"@id\":\"https:\/\/maniafoods.com.br\/#\/schema\/logo\/image\/\",\"url\":\"https:\/\/maniafoods.com.br\/wp-content\/uploads\/2023\/03\/logotipo-mania-foods.png\",\"contentUrl\":\"https:\/\/maniafoods.com.br\/wp-content\/uploads\/2023\/03\/logotipo-mania-foods.png\",\"width\":196,\"height\":196,\"caption\":\"Mania Foods\"},\"image\":{\"@id\":\"https:\/\/maniafoods.com.br\/#\/schema\/logo\/image\/\"},\"sameAs\":[\"https:\/\/www.instagram.com\/maniafoods_oficial\/\"]}]}<\/script>\n<!-- \/ Yoast SEO plugin. -->","yoast_head_json":{"title":"Work With Us &#8211; Mania Foods","robots":{"index":"index","follow":"follow","max-snippet":"max-snippet:-1","max-image-preview":"max-image-preview:large","max-video-preview":"max-video-preview:-1"},"canonical":"https:\/\/maniafoods.com.br\/trabalhe-conosco\/","og_locale":"en_US","og_type":"article","og_title":"Work With Us &#8211; Mania Foods","og_description":"Join our team","og_url":"https:\/\/maniafoods.com.br\/trabalhe-conosco\/","og_site_name":"Mania Foods","article_modified_time":"2024-10-30T14:27:08+00:00","og_image":[{"width":1280,"height":640,"url":"https:\/\/maniafoods.com.br\/wp-content\/uploads\/2023\/03\/Trabalhe-conosco.jpg","type":"image\/jpeg"}],"twitter_card":"summary_large_image","schema":{"@context":"https:\/\/schema.org","@graph":[{"@type":"WebPage","@id":"https:\/\/maniafoods.com.br\/trabalhe-conosco\/","url":"https:\/\/maniafoods.com.br\/trabalhe-conosco\/","name":"Work With Us &#8211; Mania Foods","isPartOf":{"@id":"https:\/\/maniafoods.com.br\/#website"},"primaryImageOfPage":{"@id":"https:\/\/maniafoods.com.br\/trabalhe-conosco\/#primaryimage"},"image":{"@id":"https:\/\/maniafoods.com.br\/trabalhe-conosco\/#primaryimage"},"thumbnailUrl":"https:\/\/maniafoods.com.br\/wp-content\/uploads\/2023\/03\/Trabalhe-conosco.jpg","datePublished":"2022-11-04T23:27:15+00:00","dateModified":"2024-10-30T14:27:08+00:00","breadcrumb":{"@id":"https:\/\/maniafoods.com.br\/trabalhe-conosco\/#breadcrumb"},"inLanguage":"en-US","potentialAction":[{"@type":"ReadAction","target":["https:\/\/maniafoods.com.br\/trabalhe-conosco\/"]}]},{"@type":"ImageObject","inLanguage":"en-US","@id":"https:\/\/maniafoods.com.br\/trabalhe-conosco\/#primaryimage","url":"https:\/\/maniafoods.com.br\/wp-content\/uploads\/2023\/03\/Trabalhe-conosco.jpg","contentUrl":"https:\/\/maniafoods.com.br\/wp-content\/uploads\/2023\/03\/Trabalhe-conosco.jpg","width":1280,"height":640},{"@type":"BreadcrumbList","@id":"https:\/\/maniafoods.com.br\/trabalhe-conosco\/#breadcrumb","itemListElement":[{"@type":"ListItem","position":1,"name":"In\u00edcio","item":"https:\/\/maniafoods.com.br\/"},{"@type":"ListItem","position":2,"name":"Work With Us"}]},{"@type":"WebSite","@id":"https:\/\/maniafoods.com.br\/#website","url":"https:\/\/maniafoods.com.br\/","name":"Mania Foods","description":"Seja em casa, no trabalho, na faculdade ou em uma lanchonete, queremos estar com voc\u00ea e levar boas mem\u00f3rias para sua hist\u00f3ria!!!","publisher":{"@id":"https:\/\/maniafoods.com.br\/#organization"},"alternateName":"Mania Foods","potentialAction":[{"@type":"SearchAction","target":{"@type":"EntryPoint","urlTemplate":"https:\/\/maniafoods.com.br\/?s={search_term_string}"},"query-input":{"@type":"PropertyValueSpecification","valueRequired":true,"valueName":"search_term_string"}}],"inLanguage":"en-US"},{"@type":"Organization","@id":"https:\/\/maniafoods.com.br\/#organization","name":"Mania Foods","alternateName":"Seja em casa, no trabalho, na faculdade ou em uma lanchonete, queremos estar com voc\u00ea e levar boas mem\u00f3rias para sua hist\u00f3ria!!!","url":"https:\/\/maniafoods.com.br\/","logo":{"@type":"ImageObject","inLanguage":"en-US","@id":"https:\/\/maniafoods.com.br\/#\/schema\/logo\/image\/","url":"https:\/\/maniafoods.com.br\/wp-content\/uploads\/2023\/03\/logotipo-mania-foods.png","contentUrl":"https:\/\/maniafoods.com.br\/wp-content\/uploads\/2023\/03\/logotipo-mania-foods.png","width":196,"height":196,"caption":"Mania Foods"},"image":{"@id":"https:\/\/maniafoods.com.br\/#\/schema\/logo\/image\/"},"sameAs":["https:\/\/www.instagram.com\/maniafoods_oficial\/"]}]}},"_links":{"self":[{"href":"https:\/\/maniafoods.com.br\/en\/wp-json\/wp\/v2\/pages\/5025","targetHints":{"allow":["GET"]}}],"collection":[{"href":"https:\/\/maniafoods.com.br\/en\/wp-json\/wp\/v2\/pages"}],"about":[{"href":"https:\/\/maniafoods.com.br\/en\/wp-json\/wp\/v2\/types\/page"}],"author":[{"embeddable":true,"href":"https:\/\/maniafoods.com.br\/en\/wp-json\/wp\/v2\/users\/1"}],"replies":[{"embeddable":true,"href":"https:\/\/maniafoods.com.br\/en\/wp-json\/wp\/v2\/comments?post=5025"}],"version-history":[{"count":8,"href":"https:\/\/maniafoods.com.br\/en\/wp-json\/wp\/v2\/pages\/5025\/revisions"}],"predecessor-version":[{"id":6102,"href":"https:\/\/maniafoods.com.br\/en\/wp-json\/wp\/v2\/pages\/5025\/revisions\/6102"}],"wp:featuredmedia":[{"embeddable":true,"href":"https:\/\/maniafoods.com.br\/en\/wp-json\/wp\/v2\/media\/4913"}],"wp:attachment":[{"href":"https:\/\/maniafoods.com.br\/en\/wp-json\/wp\/v2\/media?parent=5025"}],"curies":[{"name":"wp","href":"https:\/\/api.w.org\/{rel}","templated":true}]}}